{"id":17416,"date":"2026-02-11T11:00:37","date_gmt":"2026-02-11T10:00:37","guid":{"rendered":"https:\/\/casapercasa.com\/?page_id=17416"},"modified":"2026-02-12T09:54:57","modified_gmt":"2026-02-12T08:54:57","slug":"produits-fiorenzo","status":"publish","type":"page","link":"https:\/\/casapercasa.com\/fr\/produits-fiorenzo\/","title":{"rendered":"Prodotti &#8211; Fiorenzo fra"},"content":{"rendered":"\n<div style=\"height:20px\" aria-hidden=\"true\" class=\"wp-block-spacer\"><\/div>\n\n\n\n<div class=\"wp-block-group\">\n<div class=\"wp-block-group is-style-container\">\n<p class=\"has-text-align-center has-black-color has-text-color has-link-color has-extra-large-font-size wp-elements-2dbc02f3a95301fb2a12388051d78aaf\">Fiorenzo<\/p>\n\n\n\n<div style=\"height:30px\" aria-hidden=\"true\" class=\"wp-block-spacer solo-desktop\"><\/div>\n\n\n\n<div class=\"wp-block-media-text is-stacked-on-mobile is-vertically-aligned-center\"><figure class=\"wp-block-media-text__media\"><img loading=\"lazy\" decoding=\"async\" width=\"1920\" height=\"1280\" src=\"https:\/\/casapercasa.com\/wp-content\/uploads\/2023\/11\/Fiorenzo_01.jpg\" alt=\"\" class=\"wp-image-6374 size-full\" srcset=\"https:\/\/casapercasa.com\/wp-content\/uploads\/2023\/11\/Fiorenzo_01.jpg 1920w, https:\/\/casapercasa.com\/wp-content\/uploads\/2023\/11\/Fiorenzo_01-1600x1067.jpg 1600w, https:\/\/casapercasa.com\/wp-content\/uploads\/2023\/11\/Fiorenzo_01-768x512.jpg 768w, https:\/\/casapercasa.com\/wp-content\/uploads\/2023\/11\/Fiorenzo_01-1536x1024.jpg 1536w, https:\/\/casapercasa.com\/wp-content\/uploads\/2023\/11\/Fiorenzo_01-300x200.jpg 300w, https:\/\/casapercasa.com\/wp-content\/uploads\/2023\/11\/Fiorenzo_01-600x400.jpg 600w\" sizes=\"auto, (max-width: 1920px) 100vw, 1920px\" \/><\/figure><div class=\"wp-block-media-text__content\">\n<p class=\"has-black-color has-text-color has-link-color has-small-font-size wp-elements-7f0226cde75f0fffc95941342d1c5b2d\"><strong>DESCRIPTION<\/strong><br><strong>Fiorenzo <\/strong>est un meuble de rangement en fer naturel, bois massif stratifi\u00e9 et Paperstone.<br>Il reprend le design de <em>Forrest<\/em>, en introduisant un compartiment ouvert suppl\u00e9mentaire qui \u00e9largit les possibilit\u00e9s d\u2019utilisation.<br>Les portes coulissent naturellement, sans rails et sans n\u00e9cessit\u00e9 d\u2019entretien.<\/p>\n\n\n\n<p class=\"has-black-color has-text-color has-link-color has-small-font-size wp-elements-b545d919fe14b2b4e7007901ee5c7c9e\"><strong>FINITIONS<\/strong><br>La structure du buffet est en bois de ch\u00eane ou de m\u00e9l\u00e8ze naturel<br>La structure est r\u00e9alis\u00e9e en fer<\/p>\n\n\n\n<p class=\"has-black-color has-text-color has-link-color has-small-font-size wp-elements-12874523fc090f64da003d9a60833dc3\"><strong>DIMENSIONS<\/strong><br>180 x 45 x H 90 cm<br><br>Sur demande, r\u00e9alis\u00e9 sur mesure<\/p>\n<\/div><\/div>\n<\/div>\n\n\n\n<div style=\"height:60px\" aria-hidden=\"true\" class=\"wp-block-spacer\"><\/div>\n\n\n\n<div class=\"wp-block-group is-style-container\">\n<div class=\"wp-block-group\">\n<p class=\"has-text-align-center has-black-color has-text-color has-link-color has-normal-font-size wp-elements-69c33ce0afcfd9f7503efde84fa49f9e\">Parcourir la galerie<\/p>\n\n\n\n<div style=\"height:40px\" aria-hidden=\"true\" class=\"wp-block-spacer\"><\/div>\n\n\n        <div  class=\"block_2a3a12f16687f9937fb01ee6c670f4c5 CustomGalleryWrapper CustomGalleryWrapper_Slider cb_custom_cgallery\">\r\n            <div class=\"swiper-container\">\r\n                <div class=\"swiper-wrapper\">\r\n                                            <div class=\"swiper-slide\">\r\n                                                            <a href=\"https:\/\/casapercasa.com\/wp-content\/uploads\/2023\/11\/Fiorenzo_02.jpg\" data-pswp-width=\"1920\" data-pswp-height=\"1280\">\r\n                                                            <img srcset=\"https:\/\/casapercasa.com\/wp-content\/uploads\/2023\/11\/Fiorenzo_02.jpg\" >                                                            <\/a>\r\n                                                        <\/div>\r\n                                                <div class=\"swiper-slide\">\r\n                                                            <a href=\"https:\/\/casapercasa.com\/wp-content\/uploads\/2023\/11\/Fiorenzo_01.jpg\" data-pswp-width=\"1920\" data-pswp-height=\"1280\">\r\n                                                            <img srcset=\"https:\/\/casapercasa.com\/wp-content\/uploads\/2023\/11\/Fiorenzo_01.jpg\" >                                                            <\/a>\r\n                                                        <\/div>\r\n                                        <\/div>\r\n                <div class=\"navigation-box-wrapper\">\r\n                    <div class=\"navigation-box\">\r\n                        <div class=\"left-arrow\">\r\n                                                        <img decoding=\"async\" src=\"\/wp-content\/uploads\/2024\/11\/arrow-left-casapercasa.svg\">\r\n                                                    <\/div>\r\n                        <div class=\"right-arrow\">\r\n                                                        <img decoding=\"async\" src=\"\/wp-content\/uploads\/2024\/11\/arrow-right-casapercasa.svg\">\r\n                                                    <\/div>\r\n                    <\/div>\r\n                <\/div>\r\n            <\/div>\r\n        <\/div>\r\n        <\/div>\n<\/div>\n\n\n\n<div class=\"wp-block-group is-style-container\">\n<div style=\"height:100px\" aria-hidden=\"true\" class=\"wp-block-spacer solo-desktop\"><\/div>\n\n\n\n<div style=\"height:50px\" aria-hidden=\"true\" class=\"wp-block-spacer solo-mobile\"><\/div>\n\n\n\n<div class=\"wp-block-columns is-not-stacked-on-mobile\">\n<div class=\"wp-block-column\">\n<div class=\"wp-block-group\">\n<p class=\"has-text-align-right solo-desktop has-black-color has-text-color has-link-color has-normal-font-size wp-elements-c6e6e98d42957b056cb6e8a597106851\"><a href=\"https:\/\/casapercasa.com\/fr\/produits-fiorenza\">Produit pr\u00e9c\u00e9dent<\/a><\/p>\n\n\n\n<p class=\"has-text-align-right solo-mobile has-black-color has-text-color has-link-color wp-elements-b9a9913b495b3901c21fefb6987e2906\" style=\"font-size:14px\"><a href=\"https:\/\/casapercasa.com\/fr\/produits-fiorenza\">Produit pr\u00e9c\u00e9dent<\/a><\/p>\n\n\n\n<p class=\"has-text-align-right is-style-medtitle has-black-color has-text-color has-link-color has-extra-large-font-size wp-elements-ef4692fce0d2f0f39d21b0026d1981b5\"><strong><a href=\"https:\/\/casapercasa.com\/fr\/produits-fiorenza\">\u2190<\/a><\/strong><\/p>\n<\/div>\n<\/div>\n\n\n\n<div class=\"wp-block-column\">\n<div class=\"wp-block-group\">\n<p class=\"has-text-align-center solo-desktop has-black-color has-text-color has-link-color has-normal-font-size wp-elements-9317c42a7b04998a92ec08ab35588509\"><a href=\"https:\/\/casapercasa.com\/fr\/produits\">Tous les produits<\/a><\/p>\n\n\n\n<p class=\"has-text-align-center solo-mobile has-black-color has-text-color has-link-color wp-elements-a598301b2a4d48abdf4ef4ad00ce5881\" style=\"font-size:14px\"><a href=\"https:\/\/casapercasa.com\/fr\/produits\">Tous les produits<\/a><\/p>\n\n\n\n<p class=\"has-text-align-center is-style-medtitle has-black-color has-text-color has-link-color has-extra-large-font-size wp-elements-f4b9e7afcdfe9424be13fbae05e8ea71\"><strong><a href=\"https:\/\/casapercasa.com\/fr\/produits\">\u2302<\/a><\/strong><\/p>\n<\/div>\n<\/div>\n\n\n\n<div class=\"wp-block-column\">\n<div class=\"wp-block-group\">\n<p class=\"has-text-align-left solo-desktop has-black-color has-text-color has-link-color has-normal-font-size wp-elements-155b91e29b9e32976168669e5a37a5c2\"><a href=\"https:\/\/casapercasa.com\/fr\/produits-ciniquanta\">Produit suivant<\/a><\/p>\n\n\n\n<p class=\"has-text-align-left solo-mobile has-black-color has-text-color has-link-color wp-elements-a585ac1d453e9554322454cf765e00ed\" style=\"font-size:14px\"><a href=\"https:\/\/casapercasa.com\/fr\/produits-ciniquanta\">Produit suivant<\/a><\/p>\n\n\n\n<p class=\"has-text-align-left is-style-medtitle has-black-color has-text-color has-link-color has-extra-large-font-size wp-elements-ae33590ac26d7b39fc281a876a06c5a1\"><strong><a href=\"https:\/\/casapercasa.com\/fr\/produits-ciniquanta\">\u2192<\/a><\/strong><\/p>\n<\/div>\n<\/div>\n<\/div>\n<\/div>\n<\/div>\n\n\n\n<div style=\"height:70px\" aria-hidden=\"true\" class=\"wp-block-spacer solo-dekstop\"><\/div>\n\n\n\n<div class=\"wp-block-group has-background\" style=\"background-color:#9fa63a3d\"><div id=\"17416\" class=\"Custom_CTA_Wrapper custom_cta\">\r\n    <div class=\"container\">\r\n        <div class=\"row align-items-center\">\r\n            <div class=\"col-12 col-lg-4 col-xl-3\">\r\n                <div class=\"Custom_CTA_Img\">\r\n                                            <img decoding=\"async\" src=\"https:\/\/casapercasa.com\/wp-content\/uploads\/2022\/09\/la-nostra-sede-e1701268650543.jpg\">\r\n                                        <\/div>\r\n            <\/div>\r\n            <div class=\"col-12 col-lg-8 col-xl-9\">\r\n                <div class=\"Custom_CTA_Content_Wrapper\">\r\n                    <div class=\"Custom_CTA_Title\">Passez du temps avec nous.<\/div>\r\n                    <div class=\"Custom_CTA_Descr\">Notre showroom et nos ateliers vous attendent: d\u00e9sirez, imaginez, d\u00e9couvrez, choisissez, cr\u00e9ez.<\/div>\r\n                                            <div class=\"Custom_CTA_Link\"><a href=\"https:\/\/casapercasa.com\/fr\/contatti\/\">Contactez-nous d\u00e8s maintenant<\/a><\/div>\r\n                                        <\/div>\r\n            <\/div>\r\n        <\/div>\r\n    <\/div>\r\n<\/div><\/div>\n","protected":false},"excerpt":{"rendered":"<p>Fiorenzo DESCRIPTIONFiorenzo est un meuble de rangement en fer naturel, bois massif stratifi\u00e9 et Paperstone.Il reprend le design de Forrest, en introduisant un compartiment ouvert suppl\u00e9mentaire qui \u00e9largit les possibilit\u00e9s d\u2019utilisation.Les portes coulissent naturellement, sans rails et sans n\u00e9cessit\u00e9 d\u2019entretien. FINITIONSLa structure du buffet est en bois de ch\u00eane ou de m\u00e9l\u00e8ze naturelLa structure est [&hellip;]<\/p>\n","protected":false},"author":3,"featured_media":0,"parent":0,"menu_order":0,"comment_status":"closed","ping_status":"closed","template":"","meta":{"_acf_changed":false,"inline_featured_image":false,"footnotes":""},"class_list":["post-17416","page","type-page","status-publish","hentry"],"acf":[],"yoast_head":"<title>Casapercasa - Buffet Fiorenzo<\/title>\n<meta name=\"description\" content=\"Fiorenzo est un meuble de rangement en fer naturel, bois massif stratifi\u00e9 en ch\u00eane ou m\u00e9l\u00e8ze et Paperstone.\" \/>\n<meta name=\"robots\" content=\"index, follow, max-snippet:-1, max-image-preview:large, max-video-preview:-1\" \/>\n<link rel=\"canonical\" href=\"https:\/\/casapercasa.com\/fr\/produits-fiorenzo\/\" \/>\n<meta property=\"og:locale\" content=\"fr_FR\" \/>\n<meta property=\"og:type\" content=\"article\" \/>\n<meta property=\"og:title\" content=\"Casapercasa - Buffet Fiorenzo\" \/>\n<meta property=\"og:description\" content=\"Fiorenzo est un meuble de rangement en fer naturel, bois massif stratifi\u00e9 en ch\u00eane ou m\u00e9l\u00e8ze et Paperstone.\" \/>\n<meta property=\"og:url\" content=\"https:\/\/casapercasa.com\/fr\/produits-fiorenzo\/\" \/>\n<meta property=\"og:site_name\" content=\"Casapercasa S.r.l.\" \/>\n<meta property=\"article:publisher\" content=\"https:\/\/www.facebook.com\/casapercasadesign\" \/>\n<meta property=\"article:modified_time\" content=\"2026-02-12T08:54:57+00:00\" \/>\n<meta property=\"og:image\" content=\"https:\/\/casapercasa.com\/wp-content\/uploads\/2023\/11\/Fiorenzo_01.jpg\" \/>\n\t<meta property=\"og:image:width\" content=\"1920\" \/>\n\t<meta property=\"og:image:height\" content=\"1280\" \/>\n\t<meta property=\"og:image:type\" content=\"image\/jpeg\" \/>\n<meta name=\"twitter:card\" content=\"summary_large_image\" \/>\n<meta name=\"twitter:label1\" content=\"Dur\u00e9e de lecture estim\u00e9e\" \/>\n\t<meta name=\"twitter:data1\" content=\"1 minute\" \/>\n<script type=\"application\/ld+json\" class=\"yoast-schema-graph\">{\"@context\":\"https:\/\/schema.org\",\"@graph\":[{\"@type\":\"WebPage\",\"@id\":\"https:\/\/casapercasa.com\/fr\/produits-fiorenzo\/\",\"url\":\"https:\/\/casapercasa.com\/fr\/produits-fiorenzo\/\",\"name\":\"Casapercasa - Buffet Fiorenzo\",\"isPartOf\":{\"@id\":\"https:\/\/casapercasa.com\/fr\/#website\"},\"primaryImageOfPage\":{\"@id\":\"https:\/\/casapercasa.com\/fr\/produits-fiorenzo\/#primaryimage\"},\"image\":{\"@id\":\"https:\/\/casapercasa.com\/fr\/produits-fiorenzo\/#primaryimage\"},\"thumbnailUrl\":\"https:\/\/casapercasa.com\/wp-content\/uploads\/2023\/11\/Fiorenzo_01.jpg\",\"datePublished\":\"2026-02-11T10:00:37+00:00\",\"dateModified\":\"2026-02-12T08:54:57+00:00\",\"description\":\"Fiorenzo est un meuble de rangement en fer naturel, bois massif stratifi\u00e9 en ch\u00eane ou m\u00e9l\u00e8ze et Paperstone.\",\"breadcrumb\":{\"@id\":\"https:\/\/casapercasa.com\/fr\/produits-fiorenzo\/#breadcrumb\"},\"inLanguage\":\"fr-FR\",\"potentialAction\":[{\"@type\":\"ReadAction\",\"target\":[\"https:\/\/casapercasa.com\/fr\/produits-fiorenzo\/\"]}]},{\"@type\":\"ImageObject\",\"inLanguage\":\"fr-FR\",\"@id\":\"https:\/\/casapercasa.com\/fr\/produits-fiorenzo\/#primaryimage\",\"url\":\"https:\/\/casapercasa.com\/wp-content\/uploads\/2023\/11\/Fiorenzo_01.jpg\",\"contentUrl\":\"https:\/\/casapercasa.com\/wp-content\/uploads\/2023\/11\/Fiorenzo_01.jpg\"},{\"@type\":\"BreadcrumbList\",\"@id\":\"https:\/\/casapercasa.com\/fr\/produits-fiorenzo\/#breadcrumb\",\"itemListElement\":[{\"@type\":\"ListItem\",\"position\":1,\"name\":\"Home\",\"item\":\"https:\/\/casapercasa.com\/fr\/\"},{\"@type\":\"ListItem\",\"position\":2,\"name\":\"Prodotti &#8211; Fiorenzo fra\"}]},{\"@type\":\"WebSite\",\"@id\":\"https:\/\/casapercasa.com\/fr\/#website\",\"url\":\"https:\/\/casapercasa.com\/fr\/\",\"name\":\"Casapercasa\",\"description\":\"INNOVAZIONE ARTIGIANA\",\"publisher\":{\"@id\":\"https:\/\/casapercasa.com\/fr\/#organization\"},\"potentialAction\":[{\"@type\":\"SearchAction\",\"target\":{\"@type\":\"EntryPoint\",\"urlTemplate\":\"https:\/\/casapercasa.com\/fr\/?s={search_term_string}\"},\"query-input\":{\"@type\":\"PropertyValueSpecification\",\"valueRequired\":true,\"valueName\":\"search_term_string\"}}],\"inLanguage\":\"fr-FR\"},{\"@type\":\"Organization\",\"@id\":\"https:\/\/casapercasa.com\/fr\/#organization\",\"name\":\"Casapercasa S.r.l.\",\"url\":\"https:\/\/casapercasa.com\/fr\/\",\"logo\":{\"@type\":\"ImageObject\",\"inLanguage\":\"fr-FR\",\"@id\":\"https:\/\/casapercasa.com\/fr\/#\/schema\/logo\/image\/\",\"url\":\"https:\/\/casapercasa.com\/wp-content\/uploads\/2022\/10\/logo-extralarge-retina.png\",\"contentUrl\":\"https:\/\/casapercasa.com\/wp-content\/uploads\/2022\/10\/logo-extralarge-retina.png\",\"width\":258,\"height\":43,\"caption\":\"Casapercasa S.r.l.\"},\"image\":{\"@id\":\"https:\/\/casapercasa.com\/fr\/#\/schema\/logo\/image\/\"},\"sameAs\":[\"https:\/\/www.facebook.com\/casapercasadesign\",\"https:\/\/www.instagram.com\/casapercasadettagli\/?hl=it\"]}]}<\/script>","yoast_head_json":{"title":"Casapercasa - Buffet Fiorenzo","description":"Fiorenzo est un meuble de rangement en fer naturel, bois massif stratifi\u00e9 en ch\u00eane ou m\u00e9l\u00e8ze et Paperstone.","robots":{"index":"index","follow":"follow","max-snippet":"max-snippet:-1","max-image-preview":"max-image-preview:large","max-video-preview":"max-video-preview:-1"},"canonical":"https:\/\/casapercasa.com\/fr\/produits-fiorenzo\/","og_locale":"fr_FR","og_type":"article","og_title":"Casapercasa - Buffet Fiorenzo","og_description":"Fiorenzo est un meuble de rangement en fer naturel, bois massif stratifi\u00e9 en ch\u00eane ou m\u00e9l\u00e8ze et Paperstone.","og_url":"https:\/\/casapercasa.com\/fr\/produits-fiorenzo\/","og_site_name":"Casapercasa S.r.l.","article_publisher":"https:\/\/www.facebook.com\/casapercasadesign","article_modified_time":"2026-02-12T08:54:57+00:00","og_image":[{"width":1920,"height":1280,"url":"https:\/\/casapercasa.com\/wp-content\/uploads\/2023\/11\/Fiorenzo_01.jpg","type":"image\/jpeg"}],"twitter_card":"summary_large_image","twitter_misc":{"Dur\u00e9e de lecture estim\u00e9e":"1 minute"},"schema":{"@context":"https:\/\/schema.org","@graph":[{"@type":"WebPage","@id":"https:\/\/casapercasa.com\/fr\/produits-fiorenzo\/","url":"https:\/\/casapercasa.com\/fr\/produits-fiorenzo\/","name":"Casapercasa - Buffet Fiorenzo","isPartOf":{"@id":"https:\/\/casapercasa.com\/fr\/#website"},"primaryImageOfPage":{"@id":"https:\/\/casapercasa.com\/fr\/produits-fiorenzo\/#primaryimage"},"image":{"@id":"https:\/\/casapercasa.com\/fr\/produits-fiorenzo\/#primaryimage"},"thumbnailUrl":"https:\/\/casapercasa.com\/wp-content\/uploads\/2023\/11\/Fiorenzo_01.jpg","datePublished":"2026-02-11T10:00:37+00:00","dateModified":"2026-02-12T08:54:57+00:00","description":"Fiorenzo est un meuble de rangement en fer naturel, bois massif stratifi\u00e9 en ch\u00eane ou m\u00e9l\u00e8ze et Paperstone.","breadcrumb":{"@id":"https:\/\/casapercasa.com\/fr\/produits-fiorenzo\/#breadcrumb"},"inLanguage":"fr-FR","potentialAction":[{"@type":"ReadAction","target":["https:\/\/casapercasa.com\/fr\/produits-fiorenzo\/"]}]},{"@type":"ImageObject","inLanguage":"fr-FR","@id":"https:\/\/casapercasa.com\/fr\/produits-fiorenzo\/#primaryimage","url":"https:\/\/casapercasa.com\/wp-content\/uploads\/2023\/11\/Fiorenzo_01.jpg","contentUrl":"https:\/\/casapercasa.com\/wp-content\/uploads\/2023\/11\/Fiorenzo_01.jpg"},{"@type":"BreadcrumbList","@id":"https:\/\/casapercasa.com\/fr\/produits-fiorenzo\/#breadcrumb","itemListElement":[{"@type":"ListItem","position":1,"name":"Home","item":"https:\/\/casapercasa.com\/fr\/"},{"@type":"ListItem","position":2,"name":"Prodotti &#8211; Fiorenzo fra"}]},{"@type":"WebSite","@id":"https:\/\/casapercasa.com\/fr\/#website","url":"https:\/\/casapercasa.com\/fr\/","name":"Casapercasa","description":"INNOVAZIONE ARTIGIANA","publisher":{"@id":"https:\/\/casapercasa.com\/fr\/#organization"},"potentialAction":[{"@type":"SearchAction","target":{"@type":"EntryPoint","urlTemplate":"https:\/\/casapercasa.com\/fr\/?s={search_term_string}"},"query-input":{"@type":"PropertyValueSpecification","valueRequired":true,"valueName":"search_term_string"}}],"inLanguage":"fr-FR"},{"@type":"Organization","@id":"https:\/\/casapercasa.com\/fr\/#organization","name":"Casapercasa S.r.l.","url":"https:\/\/casapercasa.com\/fr\/","logo":{"@type":"ImageObject","inLanguage":"fr-FR","@id":"https:\/\/casapercasa.com\/fr\/#\/schema\/logo\/image\/","url":"https:\/\/casapercasa.com\/wp-content\/uploads\/2022\/10\/logo-extralarge-retina.png","contentUrl":"https:\/\/casapercasa.com\/wp-content\/uploads\/2022\/10\/logo-extralarge-retina.png","width":258,"height":43,"caption":"Casapercasa S.r.l."},"image":{"@id":"https:\/\/casapercasa.com\/fr\/#\/schema\/logo\/image\/"},"sameAs":["https:\/\/www.facebook.com\/casapercasadesign","https:\/\/www.instagram.com\/casapercasadettagli\/?hl=it"]}]}},"_links":{"self":[{"href":"https:\/\/casapercasa.com\/fr\/wp-json\/wp\/v2\/pages\/17416","targetHints":{"allow":["GET"]}}],"collection":[{"href":"https:\/\/casapercasa.com\/fr\/wp-json\/wp\/v2\/pages"}],"about":[{"href":"https:\/\/casapercasa.com\/fr\/wp-json\/wp\/v2\/types\/page"}],"author":[{"embeddable":true,"href":"https:\/\/casapercasa.com\/fr\/wp-json\/wp\/v2\/users\/3"}],"replies":[{"embeddable":true,"href":"https:\/\/casapercasa.com\/fr\/wp-json\/wp\/v2\/comments?post=17416"}],"version-history":[{"count":2,"href":"https:\/\/casapercasa.com\/fr\/wp-json\/wp\/v2\/pages\/17416\/revisions"}],"predecessor-version":[{"id":17512,"href":"https:\/\/casapercasa.com\/fr\/wp-json\/wp\/v2\/pages\/17416\/revisions\/17512"}],"wp:attachment":[{"href":"https:\/\/casapercasa.com\/fr\/wp-json\/wp\/v2\/media?parent=17416"}],"curies":[{"name":"wp","href":"https:\/\/api.w.org\/{rel}","templated":true}]}}