{"id":17410,"date":"2026-02-11T09:53:23","date_gmt":"2026-02-11T08:53:23","guid":{"rendered":"https:\/\/casapercasa.com\/?page_id=17410"},"modified":"2026-03-09T17:18:59","modified_gmt":"2026-03-09T16:18:59","slug":"produits-rotondo","status":"publish","type":"page","link":"https:\/\/casapercasa.com\/fr\/produits-rotondo\/","title":{"rendered":"Prodotti &#8211; Rotondo fra"},"content":{"rendered":"\n<div style=\"height:20px\" aria-hidden=\"true\" class=\"wp-block-spacer\"><\/div>\n\n\n\n<div class=\"wp-block-group\">\n<div class=\"wp-block-group is-style-container\">\n<p class=\"has-text-align-center has-black-color has-text-color has-link-color has-extra-large-font-size wp-elements-36598bd22f5d1755f439f2daec167ebb\">Rotondo<\/p>\n\n\n\n<div style=\"height:30px\" aria-hidden=\"true\" class=\"wp-block-spacer solo-desktop\"><\/div>\n\n\n\n<div class=\"wp-block-media-text is-stacked-on-mobile is-vertically-aligned-center\"><figure class=\"wp-block-media-text__media\"><img decoding=\"async\" src=\"https:\/\/casapercasa.com\/wp-content\/uploads\/2026\/03\/Rotondo-e1773073042997.jpg\" alt=\"\" class=\"wp-image-17898 size-full\"\/><\/figure><div class=\"wp-block-media-text__content\">\n<p class=\"has-black-color has-text-color has-link-color has-small-font-size wp-elements-c20730f6857e68cfe8591469d3c111ec\"><strong>DESCRIPTION<\/strong><br><strong>Rotondo <\/strong>est une table en bois massif, libre dans ses dimensions.<br>Le dessin particulier de l\u2019assemblage des trois pieds d\u00e9finit la structure de la table.<\/p>\n\n\n\n<p class=\"has-black-color has-text-color has-link-color has-small-font-size wp-elements-ceeabe5e8158038af0887d99785d74e6\"><strong>FINITIONS<\/strong><br>R\u00e9alis\u00e9e en bois massif stratifi\u00e9 (ch\u00eane ou m\u00e9l\u00e8ze), naturel ou teint\u00e9.<\/p>\n\n\n\n<p class=\"has-black-color has-text-color has-link-color has-small-font-size wp-elements-b20482e4f1d20b99e6f7551529b5a995\"><strong>DIMENSIONS<\/strong><br>R\u00e9alis\u00e9e sur mesure, avec un diam\u00e8tre de 85 \u00e0 190 cm<\/p>\n\n\n\n<p class=\"has-black-color has-text-color has-link-color has-normal-font-size wp-elements-66e09f3c1a991e00ff564aafb0991402\"><strong>\u00c0 partir de<\/strong> <strong>1.200 \u20ac<\/strong><\/p>\n<\/div><\/div>\n<\/div>\n\n\n\n<div style=\"height:60px\" aria-hidden=\"true\" class=\"wp-block-spacer\"><\/div>\n\n\n\n<div class=\"wp-block-group is-style-container\">\n<div class=\"wp-block-group\">\n<p class=\"has-text-align-center has-black-color has-text-color has-link-color has-normal-font-size wp-elements-69c33ce0afcfd9f7503efde84fa49f9e\">Parcourir la galerie<\/p>\n\n\n\n<div style=\"height:40px\" aria-hidden=\"true\" class=\"wp-block-spacer\"><\/div>\n\n\n        <div  class=\"block_59b291510d066138bc3c2f32bcfd80aa CustomGalleryWrapper CustomGalleryWrapper_Slider cb_custom_cgallery\">\r\n            <div class=\"swiper-container\">\r\n                <div class=\"swiper-wrapper\">\r\n                                            <div class=\"swiper-slide\">\r\n                                                            <a href=\"https:\/\/casapercasa.com\/wp-content\/uploads\/2022\/10\/casapercasa-rotondo_018.jpg\" data-pswp-width=\"1280\" data-pswp-height=\"1920\">\r\n                                                            <img srcset=\"https:\/\/casapercasa.com\/wp-content\/uploads\/2022\/10\/casapercasa-rotondo_018.jpg\" >                                                            <\/a>\r\n                                                        <\/div>\r\n                                                <div class=\"swiper-slide\">\r\n                                                            <a href=\"https:\/\/casapercasa.com\/wp-content\/uploads\/2023\/10\/casapercasa-rotondo_021-edited.jpg\" data-pswp-width=\"1466\" data-pswp-height=\"977\">\r\n                                                            <img srcset=\"https:\/\/casapercasa.com\/wp-content\/uploads\/2023\/10\/casapercasa-rotondo_021-edited.jpg\" >                                                            <\/a>\r\n                                                        <\/div>\r\n                                                <div class=\"swiper-slide\">\r\n                                                            <a href=\"https:\/\/casapercasa.com\/wp-content\/uploads\/2024\/12\/Rotondo-0001-e1767090983303.jpg\" data-pswp-width=\"1920\" data-pswp-height=\"1280\">\r\n                                                            <img srcset=\"https:\/\/casapercasa.com\/wp-content\/uploads\/2024\/12\/Rotondo-0001-e1767090983303.jpg\" >                                                            <\/a>\r\n                                                        <\/div>\r\n                                                <div class=\"swiper-slide\">\r\n                                                            <a href=\"https:\/\/casapercasa.com\/wp-content\/uploads\/2024\/12\/Rotondo-5.jpg\" data-pswp-width=\"1920\" data-pswp-height=\"1280\">\r\n                                                            <img srcset=\"https:\/\/casapercasa.com\/wp-content\/uploads\/2024\/12\/Rotondo-5.jpg\" >                                                            <\/a>\r\n                                                        <\/div>\r\n                                                <div class=\"swiper-slide\">\r\n                                                            <a href=\"https:\/\/casapercasa.com\/wp-content\/uploads\/2024\/12\/Rotondo-4-1.jpg\" data-pswp-width=\"1920\" data-pswp-height=\"1280\">\r\n                                                            <img srcset=\"https:\/\/casapercasa.com\/wp-content\/uploads\/2024\/12\/Rotondo-4-1.jpg\" >                                                            <\/a>\r\n                                                        <\/div>\r\n                                        <\/div>\r\n                <div class=\"navigation-box-wrapper\">\r\n                    <div class=\"navigation-box\">\r\n                        <div class=\"left-arrow\">\r\n                                                        <img decoding=\"async\" src=\"\/wp-content\/uploads\/2024\/11\/arrow-left-casapercasa.svg\">\r\n                                                    <\/div>\r\n                        <div class=\"right-arrow\">\r\n                                                        <img decoding=\"async\" src=\"\/wp-content\/uploads\/2024\/11\/arrow-right-casapercasa.svg\">\r\n                                                    <\/div>\r\n                    <\/div>\r\n                <\/div>\r\n            <\/div>\r\n        <\/div>\r\n        <\/div>\n<\/div>\n\n\n\n<div class=\"wp-block-group is-style-container\">\n<div style=\"height:100px\" aria-hidden=\"true\" class=\"wp-block-spacer solo-desktop\"><\/div>\n\n\n\n<div style=\"height:50px\" aria-hidden=\"true\" class=\"wp-block-spacer solo-mobile\"><\/div>\n\n\n\n<div class=\"wp-block-columns is-not-stacked-on-mobile\">\n<div class=\"wp-block-column\">\n<div class=\"wp-block-group\">\n<p class=\"has-text-align-right solo-desktop has-black-color has-text-color has-link-color has-normal-font-size wp-elements-38241c78394cfb7f01560f711951fc6a\"><a href=\"https:\/\/casapercasa.com\/fr\/produits-leo\">Produit pr\u00e9c\u00e9dent<\/a><\/p>\n\n\n\n<p class=\"has-text-align-right solo-mobile has-black-color has-text-color has-link-color wp-elements-8f274a00637a534c58d0b7374760010c\" style=\"font-size:14px\"><a href=\"https:\/\/casapercasa.com\/fr\/produits-leo\">Produit pr\u00e9c\u00e9dent<\/a><\/p>\n\n\n\n<p class=\"has-text-align-right is-style-medtitle has-black-color has-text-color has-link-color has-extra-large-font-size wp-elements-7ed16ff51e867e1e62ab94938656bba8\"><strong><a href=\"https:\/\/casapercasa.com\/fr\/produits-leo\">\u2190<\/a><\/strong><\/p>\n<\/div>\n<\/div>\n\n\n\n<div class=\"wp-block-column\">\n<div class=\"wp-block-group\">\n<p class=\"has-text-align-center solo-desktop has-black-color has-text-color has-link-color has-normal-font-size wp-elements-9317c42a7b04998a92ec08ab35588509\"><a href=\"https:\/\/casapercasa.com\/fr\/produits\">Tous les produits<\/a><\/p>\n\n\n\n<p class=\"has-text-align-center solo-mobile has-black-color has-text-color has-link-color wp-elements-a598301b2a4d48abdf4ef4ad00ce5881\" style=\"font-size:14px\"><a href=\"https:\/\/casapercasa.com\/fr\/produits\">Tous les produits<\/a><\/p>\n\n\n\n<p class=\"has-text-align-center is-style-medtitle has-black-color has-text-color has-link-color has-extra-large-font-size wp-elements-f4b9e7afcdfe9424be13fbae05e8ea71\"><strong><a href=\"https:\/\/casapercasa.com\/fr\/produits\">\u2302<\/a><\/strong><\/p>\n<\/div>\n<\/div>\n\n\n\n<div class=\"wp-block-column\">\n<div class=\"wp-block-group\">\n<p class=\"has-text-align-left solo-desktop has-black-color has-text-color has-link-color has-normal-font-size wp-elements-e89e53264f62a04b61e2734eda521d13\"><a href=\"https:\/\/casapercasa.com\/fr\/produits-albino\">Produit suivant<\/a><\/p>\n\n\n\n<p class=\"has-text-align-left solo-mobile has-black-color has-text-color has-link-color wp-elements-db9ab3c31f2ece79d190dd89df481d08\" style=\"font-size:14px\"><a href=\"https:\/\/casapercasa.com\/fr\/produits-albino\">Produit suivant<\/a><\/p>\n\n\n\n<p class=\"has-text-align-left is-style-medtitle has-black-color has-text-color has-link-color has-extra-large-font-size wp-elements-0b22815ba0650b8ecdd1b92a4452fcd9\"><strong><a href=\"https:\/\/casapercasa.com\/fr\/produits-albino\">\u2192<\/a><\/strong><\/p>\n<\/div>\n<\/div>\n<\/div>\n<\/div>\n<\/div>\n\n\n\n<div style=\"height:70px\" aria-hidden=\"true\" class=\"wp-block-spacer solo-dekstop\"><\/div>\n\n\n\n<div class=\"wp-block-group has-background\" style=\"background-color:#9fa63a3d\"><div id=\"17410\" class=\"Custom_CTA_Wrapper custom_cta\">\r\n    <div class=\"container\">\r\n        <div class=\"row align-items-center\">\r\n            <div class=\"col-12 col-lg-4 col-xl-3\">\r\n                <div class=\"Custom_CTA_Img\">\r\n                                            <img decoding=\"async\" src=\"https:\/\/casapercasa.com\/wp-content\/uploads\/2022\/09\/la-nostra-sede-e1701268650543.jpg\">\r\n                                        <\/div>\r\n            <\/div>\r\n            <div class=\"col-12 col-lg-8 col-xl-9\">\r\n                <div class=\"Custom_CTA_Content_Wrapper\">\r\n                    <div class=\"Custom_CTA_Title\">Passez du temps avec nous.<\/div>\r\n                    <div class=\"Custom_CTA_Descr\">Notre showroom et nos ateliers vous attendent: d\u00e9sirez, imaginez, d\u00e9couvrez, choisissez, cr\u00e9ez.<\/div>\r\n                                            <div class=\"Custom_CTA_Link\"><a href=\"https:\/\/casapercasa.com\/fr\/contatti\/\">Contactez-nous d\u00e8s maintenant<\/a><\/div>\r\n                                        <\/div>\r\n            <\/div>\r\n        <\/div>\r\n    <\/div>\r\n<\/div><\/div>\n","protected":false},"excerpt":{"rendered":"<p>Rotondo DESCRIPTIONRotondo est une table en bois massif, libre dans ses dimensions.Le dessin particulier de l\u2019assemblage des trois pieds d\u00e9finit la structure de la table. FINITIONSR\u00e9alis\u00e9e en bois massif stratifi\u00e9 (ch\u00eane ou m\u00e9l\u00e8ze), naturel ou teint\u00e9. DIMENSIONSR\u00e9alis\u00e9e sur mesure, avec un diam\u00e8tre de 85 \u00e0 190 cm \u00c0 partir de 1.200 \u20ac Parcourir la galerie [&hellip;]<\/p>\n","protected":false},"author":3,"featured_media":0,"parent":0,"menu_order":0,"comment_status":"closed","ping_status":"closed","template":"","meta":{"_acf_changed":false,"inline_featured_image":false,"footnotes":""},"class_list":["post-17410","page","type-page","status-publish","hentry"],"acf":[],"yoast_head":"<title>Casapercas - Table Rotondo<\/title>\n<meta name=\"description\" content=\"Rotondo est une table en bois massif r\u00e9alis\u00e9e sur mesure, en ch\u00eane ou en m\u00e9l\u00e8ze, libre de dimensions.\" \/>\n<meta name=\"robots\" content=\"index, follow, max-snippet:-1, max-image-preview:large, max-video-preview:-1\" \/>\n<link rel=\"canonical\" href=\"https:\/\/casapercasa.com\/fr\/produits-rotondo\/\" \/>\n<meta property=\"og:locale\" content=\"fr_FR\" \/>\n<meta property=\"og:type\" content=\"article\" \/>\n<meta property=\"og:title\" content=\"Casapercas - Table Rotondo\" \/>\n<meta property=\"og:description\" content=\"Rotondo est une table en bois massif r\u00e9alis\u00e9e sur mesure, en ch\u00eane ou en m\u00e9l\u00e8ze, libre de dimensions.\" \/>\n<meta property=\"og:url\" content=\"https:\/\/casapercasa.com\/fr\/produits-rotondo\/\" \/>\n<meta property=\"og:site_name\" content=\"Casapercasa S.r.l.\" \/>\n<meta property=\"article:publisher\" content=\"https:\/\/www.facebook.com\/casapercasadesign\" \/>\n<meta property=\"article:modified_time\" content=\"2026-03-09T16:18:59+00:00\" \/>\n<meta property=\"og:image\" content=\"https:\/\/casapercasa.com\/wp-content\/uploads\/2026\/03\/Rotondo-e1773073042997.jpg\" \/>\n\t<meta property=\"og:image:width\" content=\"1600\" \/>\n\t<meta property=\"og:image:height\" content=\"1062\" \/>\n\t<meta property=\"og:image:type\" content=\"image\/jpeg\" \/>\n<meta name=\"twitter:card\" content=\"summary_large_image\" \/>\n<meta name=\"twitter:label1\" content=\"Dur\u00e9e de lecture estim\u00e9e\" \/>\n\t<meta name=\"twitter:data1\" content=\"1 minute\" \/>\n<script type=\"application\/ld+json\" class=\"yoast-schema-graph\">{\"@context\":\"https:\/\/schema.org\",\"@graph\":[{\"@type\":\"WebPage\",\"@id\":\"https:\/\/casapercasa.com\/fr\/produits-rotondo\/\",\"url\":\"https:\/\/casapercasa.com\/fr\/produits-rotondo\/\",\"name\":\"Casapercas - Table Rotondo\",\"isPartOf\":{\"@id\":\"https:\/\/casapercasa.com\/fr\/#website\"},\"primaryImageOfPage\":{\"@id\":\"https:\/\/casapercasa.com\/fr\/produits-rotondo\/#primaryimage\"},\"image\":{\"@id\":\"https:\/\/casapercasa.com\/fr\/produits-rotondo\/#primaryimage\"},\"thumbnailUrl\":\"https:\/\/casapercasa.com\/wp-content\/uploads\/2026\/03\/Rotondo-e1773073042997.jpg\",\"datePublished\":\"2026-02-11T08:53:23+00:00\",\"dateModified\":\"2026-03-09T16:18:59+00:00\",\"description\":\"Rotondo est une table en bois massif r\u00e9alis\u00e9e sur mesure, en ch\u00eane ou en m\u00e9l\u00e8ze, libre de dimensions.\",\"breadcrumb\":{\"@id\":\"https:\/\/casapercasa.com\/fr\/produits-rotondo\/#breadcrumb\"},\"inLanguage\":\"fr-FR\",\"potentialAction\":[{\"@type\":\"ReadAction\",\"target\":[\"https:\/\/casapercasa.com\/fr\/produits-rotondo\/\"]}]},{\"@type\":\"ImageObject\",\"inLanguage\":\"fr-FR\",\"@id\":\"https:\/\/casapercasa.com\/fr\/produits-rotondo\/#primaryimage\",\"url\":\"https:\/\/casapercasa.com\/wp-content\/uploads\/2026\/03\/Rotondo-e1773073042997.jpg\",\"contentUrl\":\"https:\/\/casapercasa.com\/wp-content\/uploads\/2026\/03\/Rotondo-e1773073042997.jpg\"},{\"@type\":\"BreadcrumbList\",\"@id\":\"https:\/\/casapercasa.com\/fr\/produits-rotondo\/#breadcrumb\",\"itemListElement\":[{\"@type\":\"ListItem\",\"position\":1,\"name\":\"Home\",\"item\":\"https:\/\/casapercasa.com\/fr\/\"},{\"@type\":\"ListItem\",\"position\":2,\"name\":\"Prodotti &#8211; Rotondo fra\"}]},{\"@type\":\"WebSite\",\"@id\":\"https:\/\/casapercasa.com\/fr\/#website\",\"url\":\"https:\/\/casapercasa.com\/fr\/\",\"name\":\"Casapercasa\",\"description\":\"INNOVAZIONE ARTIGIANA\",\"publisher\":{\"@id\":\"https:\/\/casapercasa.com\/fr\/#organization\"},\"potentialAction\":[{\"@type\":\"SearchAction\",\"target\":{\"@type\":\"EntryPoint\",\"urlTemplate\":\"https:\/\/casapercasa.com\/fr\/?s={search_term_string}\"},\"query-input\":{\"@type\":\"PropertyValueSpecification\",\"valueRequired\":true,\"valueName\":\"search_term_string\"}}],\"inLanguage\":\"fr-FR\"},{\"@type\":\"Organization\",\"@id\":\"https:\/\/casapercasa.com\/fr\/#organization\",\"name\":\"Casapercasa S.r.l.\",\"url\":\"https:\/\/casapercasa.com\/fr\/\",\"logo\":{\"@type\":\"ImageObject\",\"inLanguage\":\"fr-FR\",\"@id\":\"https:\/\/casapercasa.com\/fr\/#\/schema\/logo\/image\/\",\"url\":\"https:\/\/casapercasa.com\/wp-content\/uploads\/2022\/10\/logo-extralarge-retina.png\",\"contentUrl\":\"https:\/\/casapercasa.com\/wp-content\/uploads\/2022\/10\/logo-extralarge-retina.png\",\"width\":258,\"height\":43,\"caption\":\"Casapercasa S.r.l.\"},\"image\":{\"@id\":\"https:\/\/casapercasa.com\/fr\/#\/schema\/logo\/image\/\"},\"sameAs\":[\"https:\/\/www.facebook.com\/casapercasadesign\",\"https:\/\/www.instagram.com\/casapercasadettagli\/?hl=it\"]}]}<\/script>","yoast_head_json":{"title":"Casapercas - Table Rotondo","description":"Rotondo est une table en bois massif r\u00e9alis\u00e9e sur mesure, en ch\u00eane ou en m\u00e9l\u00e8ze, libre de dimensions.","robots":{"index":"index","follow":"follow","max-snippet":"max-snippet:-1","max-image-preview":"max-image-preview:large","max-video-preview":"max-video-preview:-1"},"canonical":"https:\/\/casapercasa.com\/fr\/produits-rotondo\/","og_locale":"fr_FR","og_type":"article","og_title":"Casapercas - Table Rotondo","og_description":"Rotondo est une table en bois massif r\u00e9alis\u00e9e sur mesure, en ch\u00eane ou en m\u00e9l\u00e8ze, libre de dimensions.","og_url":"https:\/\/casapercasa.com\/fr\/produits-rotondo\/","og_site_name":"Casapercasa S.r.l.","article_publisher":"https:\/\/www.facebook.com\/casapercasadesign","article_modified_time":"2026-03-09T16:18:59+00:00","og_image":[{"width":1600,"height":1062,"url":"https:\/\/casapercasa.com\/wp-content\/uploads\/2026\/03\/Rotondo-e1773073042997.jpg","type":"image\/jpeg"}],"twitter_card":"summary_large_image","twitter_misc":{"Dur\u00e9e de lecture estim\u00e9e":"1 minute"},"schema":{"@context":"https:\/\/schema.org","@graph":[{"@type":"WebPage","@id":"https:\/\/casapercasa.com\/fr\/produits-rotondo\/","url":"https:\/\/casapercasa.com\/fr\/produits-rotondo\/","name":"Casapercas - Table Rotondo","isPartOf":{"@id":"https:\/\/casapercasa.com\/fr\/#website"},"primaryImageOfPage":{"@id":"https:\/\/casapercasa.com\/fr\/produits-rotondo\/#primaryimage"},"image":{"@id":"https:\/\/casapercasa.com\/fr\/produits-rotondo\/#primaryimage"},"thumbnailUrl":"https:\/\/casapercasa.com\/wp-content\/uploads\/2026\/03\/Rotondo-e1773073042997.jpg","datePublished":"2026-02-11T08:53:23+00:00","dateModified":"2026-03-09T16:18:59+00:00","description":"Rotondo est une table en bois massif r\u00e9alis\u00e9e sur mesure, en ch\u00eane ou en m\u00e9l\u00e8ze, libre de dimensions.","breadcrumb":{"@id":"https:\/\/casapercasa.com\/fr\/produits-rotondo\/#breadcrumb"},"inLanguage":"fr-FR","potentialAction":[{"@type":"ReadAction","target":["https:\/\/casapercasa.com\/fr\/produits-rotondo\/"]}]},{"@type":"ImageObject","inLanguage":"fr-FR","@id":"https:\/\/casapercasa.com\/fr\/produits-rotondo\/#primaryimage","url":"https:\/\/casapercasa.com\/wp-content\/uploads\/2026\/03\/Rotondo-e1773073042997.jpg","contentUrl":"https:\/\/casapercasa.com\/wp-content\/uploads\/2026\/03\/Rotondo-e1773073042997.jpg"},{"@type":"BreadcrumbList","@id":"https:\/\/casapercasa.com\/fr\/produits-rotondo\/#breadcrumb","itemListElement":[{"@type":"ListItem","position":1,"name":"Home","item":"https:\/\/casapercasa.com\/fr\/"},{"@type":"ListItem","position":2,"name":"Prodotti &#8211; Rotondo fra"}]},{"@type":"WebSite","@id":"https:\/\/casapercasa.com\/fr\/#website","url":"https:\/\/casapercasa.com\/fr\/","name":"Casapercasa","description":"INNOVAZIONE ARTIGIANA","publisher":{"@id":"https:\/\/casapercasa.com\/fr\/#organization"},"potentialAction":[{"@type":"SearchAction","target":{"@type":"EntryPoint","urlTemplate":"https:\/\/casapercasa.com\/fr\/?s={search_term_string}"},"query-input":{"@type":"PropertyValueSpecification","valueRequired":true,"valueName":"search_term_string"}}],"inLanguage":"fr-FR"},{"@type":"Organization","@id":"https:\/\/casapercasa.com\/fr\/#organization","name":"Casapercasa S.r.l.","url":"https:\/\/casapercasa.com\/fr\/","logo":{"@type":"ImageObject","inLanguage":"fr-FR","@id":"https:\/\/casapercasa.com\/fr\/#\/schema\/logo\/image\/","url":"https:\/\/casapercasa.com\/wp-content\/uploads\/2022\/10\/logo-extralarge-retina.png","contentUrl":"https:\/\/casapercasa.com\/wp-content\/uploads\/2022\/10\/logo-extralarge-retina.png","width":258,"height":43,"caption":"Casapercasa S.r.l."},"image":{"@id":"https:\/\/casapercasa.com\/fr\/#\/schema\/logo\/image\/"},"sameAs":["https:\/\/www.facebook.com\/casapercasadesign","https:\/\/www.instagram.com\/casapercasadettagli\/?hl=it"]}]}},"_links":{"self":[{"href":"https:\/\/casapercasa.com\/fr\/wp-json\/wp\/v2\/pages\/17410","targetHints":{"allow":["GET"]}}],"collection":[{"href":"https:\/\/casapercasa.com\/fr\/wp-json\/wp\/v2\/pages"}],"about":[{"href":"https:\/\/casapercasa.com\/fr\/wp-json\/wp\/v2\/types\/page"}],"author":[{"embeddable":true,"href":"https:\/\/casapercasa.com\/fr\/wp-json\/wp\/v2\/users\/3"}],"replies":[{"embeddable":true,"href":"https:\/\/casapercasa.com\/fr\/wp-json\/wp\/v2\/comments?post=17410"}],"version-history":[{"count":3,"href":"https:\/\/casapercasa.com\/fr\/wp-json\/wp\/v2\/pages\/17410\/revisions"}],"predecessor-version":[{"id":17974,"href":"https:\/\/casapercasa.com\/fr\/wp-json\/wp\/v2\/pages\/17410\/revisions\/17974"}],"wp:attachment":[{"href":"https:\/\/casapercasa.com\/fr\/wp-json\/wp\/v2\/media?parent=17410"}],"curies":[{"name":"wp","href":"https:\/\/api.w.org\/{rel}","templated":true}]}}