{"id":17398,"date":"2026-02-10T11:26:21","date_gmt":"2026-02-10T10:26:21","guid":{"rendered":"https:\/\/casapercasa.com\/?page_id=17398"},"modified":"2026-03-18T17:09:16","modified_gmt":"2026-03-18T16:09:16","slug":"produits-boiserie","status":"publish","type":"page","link":"https:\/\/casapercasa.com\/fr\/produits-boiserie\/","title":{"rendered":"Prodotti &#8211; Boiserie fra"},"content":{"rendered":"\n<div style=\"height:20px\" aria-hidden=\"true\" class=\"wp-block-spacer\"><\/div>\n\n\n\n<div class=\"wp-block-group\">\n<div class=\"wp-block-group is-style-container\">\n<p class=\"has-text-align-center has-black-color has-text-color has-link-color has-extra-large-font-size wp-elements-fe1e4742faf152dadbebe634bb1563e0\">Boiserie<\/p>\n\n\n\n<div style=\"height:40px\" aria-hidden=\"true\" class=\"wp-block-spacer\"><\/div>\n\n\n\n<div class=\"wp-block-media-text is-stacked-on-mobile is-vertically-aligned-center\" style=\"grid-template-columns:60% auto\"><figure class=\"wp-block-media-text__media\"><img loading=\"lazy\" decoding=\"async\" width=\"979\" height=\"695\" src=\"https:\/\/casapercasa.com\/wp-content\/uploads\/2024\/12\/Immagine-2024-12-27-165233.jpg\" alt=\"\" class=\"wp-image-9581 size-full\" srcset=\"https:\/\/casapercasa.com\/wp-content\/uploads\/2024\/12\/Immagine-2024-12-27-165233.jpg 979w, https:\/\/casapercasa.com\/wp-content\/uploads\/2024\/12\/Immagine-2024-12-27-165233-768x545.jpg 768w, https:\/\/casapercasa.com\/wp-content\/uploads\/2024\/12\/Immagine-2024-12-27-165233-300x213.jpg 300w, https:\/\/casapercasa.com\/wp-content\/uploads\/2024\/12\/Immagine-2024-12-27-165233-600x426.jpg 600w\" sizes=\"auto, (max-width: 979px) 100vw, 979px\" \/><\/figure><div class=\"wp-block-media-text__content\">\n<p class=\"has-black-color has-text-color has-link-color has-small-font-size wp-elements-aae53ac4ab74b7a9229aa53afb7deadf\"><strong>Boiserie <\/strong>est un syst\u00e8me de rev\u00eatement qui va au-del\u00e0 de la simple fonction d\u00e9corative. Il int\u00e8gre des portes et des armoires pleine hauteur, permettant d\u2019organiser et de dissimuler l\u2019espace de mani\u00e8re continue et coh\u00e9rente.<\/p>\n\n\n\n<p class=\"has-black-color has-text-color has-link-color has-small-font-size wp-elements-5f1679721bbd840013e14197d7982c90\">Il couvre et d\u00e9couvre, d\u00e9finissant des murs propres et ordonn\u00e9s, m\u00eame dans des espaces complexes comme les couloirs ou les zones de passage. Le r\u00e9sultat est une solution \u00e9l\u00e9gante et discr\u00e8te, capable d\u2019unifier des \u00e9l\u00e9ments diff\u00e9rents dans un seul dessin \u00e9pur\u00e9.<\/p>\n\n\n\n<p class=\"has-black-color has-text-color has-link-color has-small-font-size wp-elements-81a61a45074ab56e693115975746fc3c\"><strong>Boiserie <\/strong>peut \u00eatre r\u00e9alis\u00e9e en bois naturel ou laqu\u00e9e dans les couleurs souhait\u00e9es, s\u2019adaptant ainsi au style et aux proportions de l\u2019espace.<\/p>\n<\/div><\/div>\n<\/div>\n\n\n\n<div style=\"height:100px\" aria-hidden=\"true\" class=\"wp-block-spacer\"><\/div>\n\n\n\n<div class=\"wp-block-group is-style-container\">\n<div class=\"wp-block-group is-style-container solo-desktop\">\n<p class=\"has-text-align-center has-black-color has-text-color has-link-color has-normal-font-size wp-elements-69c33ce0afcfd9f7503efde84fa49f9e\">Parcourir la galerie<\/p>\n<\/div>\n\n\n\n<div class=\"wp-block-group is-style-container solo-mobile\">\n<p class=\"has-text-align-center has-black-color has-text-color has-link-color has-small-font-size wp-elements-63add195d9a86a2c659ed67c23c9a2ad\">Parcourir la galerie<\/p>\n<\/div>\n\n\n\n<div style=\"height:40px\" aria-hidden=\"true\" class=\"wp-block-spacer\"><\/div>\n\n\n        <div  class=\"block_7fa974bbffdda1ee68a4f1213e1afdda CustomGalleryWrapper CustomGalleryWrapper_Slider cb_custom_cgallery\">\r\n            <div class=\"swiper-container\">\r\n                <div class=\"swiper-wrapper\">\r\n                                            <div class=\"swiper-slide\">\r\n                                                            <a href=\"https:\/\/casapercasa.com\/wp-content\/uploads\/2025\/02\/Casa_MB_-3.jpg\" data-pswp-width=\"1920\" data-pswp-height=\"1280\">\r\n                                                            <img srcset=\"https:\/\/casapercasa.com\/wp-content\/uploads\/2025\/02\/Casa_MB_-3.jpg\" >                                                            <\/a>\r\n                                                        <\/div>\r\n                                                <div class=\"swiper-slide\">\r\n                                                            <a href=\"https:\/\/casapercasa.com\/wp-content\/uploads\/2025\/02\/Casa_MB_-4.jpg\" data-pswp-width=\"1920\" data-pswp-height=\"1280\">\r\n                                                            <img srcset=\"https:\/\/casapercasa.com\/wp-content\/uploads\/2025\/02\/Casa_MB_-4.jpg\" >                                                            <\/a>\r\n                                                        <\/div>\r\n                                                <div class=\"swiper-slide\">\r\n                                                            <a href=\"https:\/\/casapercasa.com\/wp-content\/uploads\/2025\/02\/Casa_MB_-6.jpg\" data-pswp-width=\"1920\" data-pswp-height=\"1280\">\r\n                                                            <img srcset=\"https:\/\/casapercasa.com\/wp-content\/uploads\/2025\/02\/Casa_MB_-6.jpg\" >                                                            <\/a>\r\n                                                        <\/div>\r\n                                                <div class=\"swiper-slide\">\r\n                                                            <a href=\"https:\/\/casapercasa.com\/wp-content\/uploads\/2024\/12\/Boiserie-6.jpg\" data-pswp-width=\"1920\" data-pswp-height=\"1280\">\r\n                                                            <img srcset=\"https:\/\/casapercasa.com\/wp-content\/uploads\/2024\/12\/Boiserie-6.jpg\" >                                                            <\/a>\r\n                                                        <\/div>\r\n                                                <div class=\"swiper-slide\">\r\n                                                            <a href=\"https:\/\/casapercasa.com\/wp-content\/uploads\/2024\/12\/Boiserie-4.jpg\" data-pswp-width=\"1920\" data-pswp-height=\"1280\">\r\n                                                            <img srcset=\"https:\/\/casapercasa.com\/wp-content\/uploads\/2024\/12\/Boiserie-4.jpg\" >                                                            <\/a>\r\n                                                        <\/div>\r\n                                                <div class=\"swiper-slide\">\r\n                                                            <a href=\"https:\/\/casapercasa.com\/wp-content\/uploads\/2024\/12\/Boiserie-8.jpg\" data-pswp-width=\"1920\" data-pswp-height=\"1280\">\r\n                                                            <img srcset=\"https:\/\/casapercasa.com\/wp-content\/uploads\/2024\/12\/Boiserie-8.jpg\" >                                                            <\/a>\r\n                                                        <\/div>\r\n                                        <\/div>\r\n                <div class=\"navigation-box-wrapper\">\r\n                    <div class=\"navigation-box\">\r\n                        <div class=\"left-arrow\">\r\n                                                        <img decoding=\"async\" src=\"\/wp-content\/uploads\/2024\/11\/arrow-left-casapercasa.svg\">\r\n                                                    <\/div>\r\n                        <div class=\"right-arrow\">\r\n                                                        <img decoding=\"async\" src=\"\/wp-content\/uploads\/2024\/11\/arrow-right-casapercasa.svg\">\r\n                                                    <\/div>\r\n                    <\/div>\r\n                <\/div>\r\n            <\/div>\r\n        <\/div>\r\n        <\/div>\n\n\n\n<div class=\"wp-block-group is-style-container\">\n<div style=\"height:100px\" aria-hidden=\"true\" class=\"wp-block-spacer solo-desktop\"><\/div>\n\n\n\n<div style=\"height:50px\" aria-hidden=\"true\" class=\"wp-block-spacer solo-mobile\"><\/div>\n\n\n\n<div class=\"wp-block-columns is-not-stacked-on-mobile\">\n<div class=\"wp-block-column\">\n<div class=\"wp-block-group\">\n<p class=\"has-text-align-right solo-desktop has-black-color has-text-color has-link-color has-normal-font-size wp-elements-b6af036d8677adb24a7d662eafd21657\"><a href=\"https:\/\/casapercasa.com\/fr\/produits-forrest\">Produit pr\u00e9c\u00e9dent<\/a><\/p>\n\n\n\n<p class=\"has-text-align-right solo-mobile has-black-color has-text-color has-link-color wp-elements-5c3e1555e6b0963ac45c2d0bcfddde82\" style=\"font-size:14px\"><a href=\"https:\/\/casapercasa.com\/fr\/produits-forrest\">Produit pr\u00e9c\u00e9dent<\/a><\/p>\n\n\n\n<p class=\"has-text-align-right is-style-medtitle has-black-color has-text-color has-link-color has-extra-large-font-size wp-elements-ec93f68b478147a52bd0f49b1e7030a1\"><strong><a href=\"https:\/\/casapercasa.com\/fr\/produits-forrest\">\u2190<\/a><\/strong><\/p>\n<\/div>\n<\/div>\n\n\n\n<div class=\"wp-block-column\">\n<div class=\"wp-block-group\">\n<p class=\"has-text-align-center solo-desktop has-black-color has-text-color has-link-color has-normal-font-size wp-elements-9317c42a7b04998a92ec08ab35588509\"><a href=\"https:\/\/casapercasa.com\/fr\/produits\">Tous les produits<\/a><\/p>\n\n\n\n<p class=\"has-text-align-center solo-mobile has-black-color has-text-color has-link-color wp-elements-a598301b2a4d48abdf4ef4ad00ce5881\" style=\"font-size:14px\"><a href=\"https:\/\/casapercasa.com\/fr\/produits\">Tous les produits<\/a><\/p>\n\n\n\n<p class=\"has-text-align-center is-style-medtitle has-black-color has-text-color has-link-color has-extra-large-font-size wp-elements-f4b9e7afcdfe9424be13fbae05e8ea71\"><strong><a href=\"https:\/\/casapercasa.com\/fr\/produits\">\u2302<\/a><\/strong><\/p>\n<\/div>\n<\/div>\n\n\n\n<div class=\"wp-block-column\">\n<div class=\"wp-block-group\">\n<p class=\"has-text-align-left solo-desktop has-black-color has-text-color has-link-color has-normal-font-size wp-elements-3a925df2037c890999a8484df53e469c\"><a href=\"https:\/\/casapercasa.com\/fr\/produits-inlungoeinlargo\/\">Produit suivant<\/a><\/p>\n\n\n\n<p class=\"has-text-align-left solo-mobile has-black-color has-text-color has-link-color wp-elements-43f100383a6ae1fbf0cca043ce9f1ee4\" style=\"font-size:14px\"><a href=\"https:\/\/casapercasa.com\/fr\/produits-inlungoeinlargo\/\">Produit suivant<\/a><\/p>\n\n\n\n<p class=\"has-text-align-left is-style-medtitle has-black-color has-text-color has-link-color has-extra-large-font-size wp-elements-96d84f2f39ab92b8e69ca485b219a13d\"><strong><a href=\"https:\/\/casapercasa.com\/fr\/produits-inlungoeinlargo\/\">\u2192<\/a><\/strong><\/p>\n<\/div>\n<\/div>\n<\/div>\n<\/div>\n<\/div>\n\n\n\n<div style=\"height:70px\" aria-hidden=\"true\" class=\"wp-block-spacer solo-dekstop\"><\/div>\n\n\n\n<div class=\"wp-block-group has-background\" style=\"background-color:#9fa63a3d\"><div id=\"17398\" class=\"Custom_CTA_Wrapper custom_cta\">\r\n    <div class=\"container\">\r\n        <div class=\"row align-items-center\">\r\n            <div class=\"col-12 col-lg-4 col-xl-3\">\r\n                <div class=\"Custom_CTA_Img\">\r\n                                            <img decoding=\"async\" src=\"https:\/\/casapercasa.com\/wp-content\/uploads\/2022\/09\/la-nostra-sede-e1701268650543.jpg\">\r\n                                        <\/div>\r\n            <\/div>\r\n            <div class=\"col-12 col-lg-8 col-xl-9\">\r\n                <div class=\"Custom_CTA_Content_Wrapper\">\r\n                    <div class=\"Custom_CTA_Title\">Passez du temps avec nous.<\/div>\r\n                    <div class=\"Custom_CTA_Descr\">Notre showroom et nos ateliers vous attendent: d\u00e9sirez, imaginez, d\u00e9couvrez, choisissez, cr\u00e9ez.<\/div>\r\n                                            <div class=\"Custom_CTA_Link\"><a href=\"https:\/\/casapercasa.com\/fr\/contatti\/\">Contactez-nous d\u00e8s maintenant<\/a><\/div>\r\n                                        <\/div>\r\n            <\/div>\r\n        <\/div>\r\n    <\/div>\r\n<\/div><\/div>\n","protected":false},"excerpt":{"rendered":"<p>Boiserie Boiserie est un syst\u00e8me de rev\u00eatement qui va au-del\u00e0 de la simple fonction d\u00e9corative. Il int\u00e8gre des portes et des armoires pleine hauteur, permettant d\u2019organiser et de dissimuler l\u2019espace de mani\u00e8re continue et coh\u00e9rente. Il couvre et d\u00e9couvre, d\u00e9finissant des murs propres et ordonn\u00e9s, m\u00eame dans des espaces complexes comme les couloirs ou les [&hellip;]<\/p>\n","protected":false},"author":3,"featured_media":0,"parent":0,"menu_order":0,"comment_status":"closed","ping_status":"closed","template":"","meta":{"_acf_changed":false,"inline_featured_image":false,"footnotes":""},"class_list":["post-17398","page","type-page","status-publish","hentry"],"acf":[],"yoast_head":"<title>Casapercasa - Syst\u00e8me Boiserie<\/title>\n<meta name=\"description\" content=\"La boiserie est un rev\u00eatement qui d\u00e9passe la simple fonction d\u00e9corative, int\u00e9grant portes et armoires pleine hauteur.\" \/>\n<meta name=\"robots\" content=\"index, follow, max-snippet:-1, max-image-preview:large, max-video-preview:-1\" \/>\n<link rel=\"canonical\" href=\"https:\/\/casapercasa.com\/fr\/produits-boiserie\/\" \/>\n<meta property=\"og:locale\" content=\"fr_FR\" \/>\n<meta property=\"og:type\" content=\"article\" \/>\n<meta property=\"og:title\" content=\"Casapercasa - Syst\u00e8me Boiserie\" \/>\n<meta property=\"og:description\" content=\"La boiserie est un rev\u00eatement qui d\u00e9passe la simple fonction d\u00e9corative, int\u00e9grant portes et armoires pleine hauteur.\" \/>\n<meta property=\"og:url\" content=\"https:\/\/casapercasa.com\/fr\/produits-boiserie\/\" \/>\n<meta property=\"og:site_name\" content=\"Casapercasa S.r.l.\" \/>\n<meta property=\"article:publisher\" content=\"https:\/\/www.facebook.com\/casapercasadesign\" \/>\n<meta property=\"article:modified_time\" content=\"2026-03-18T16:09:16+00:00\" \/>\n<meta property=\"og:image\" content=\"https:\/\/casapercasa.com\/wp-content\/uploads\/2024\/12\/Immagine-2024-12-27-165233.jpg\" \/>\n\t<meta property=\"og:image:width\" content=\"979\" \/>\n\t<meta property=\"og:image:height\" content=\"695\" \/>\n\t<meta property=\"og:image:type\" content=\"image\/jpeg\" \/>\n<meta name=\"twitter:card\" content=\"summary_large_image\" \/>\n<meta name=\"twitter:label1\" content=\"Dur\u00e9e de lecture estim\u00e9e\" \/>\n\t<meta name=\"twitter:data1\" content=\"1 minute\" \/>\n<script type=\"application\/ld+json\" class=\"yoast-schema-graph\">{\"@context\":\"https:\/\/schema.org\",\"@graph\":[{\"@type\":\"WebPage\",\"@id\":\"https:\/\/casapercasa.com\/fr\/produits-boiserie\/\",\"url\":\"https:\/\/casapercasa.com\/fr\/produits-boiserie\/\",\"name\":\"Casapercasa - Syst\u00e8me Boiserie\",\"isPartOf\":{\"@id\":\"https:\/\/casapercasa.com\/fr\/#website\"},\"primaryImageOfPage\":{\"@id\":\"https:\/\/casapercasa.com\/fr\/produits-boiserie\/#primaryimage\"},\"image\":{\"@id\":\"https:\/\/casapercasa.com\/fr\/produits-boiserie\/#primaryimage\"},\"thumbnailUrl\":\"https:\/\/casapercasa.com\/wp-content\/uploads\/2024\/12\/Immagine-2024-12-27-165233.jpg\",\"datePublished\":\"2026-02-10T10:26:21+00:00\",\"dateModified\":\"2026-03-18T16:09:16+00:00\",\"description\":\"La boiserie est un rev\u00eatement qui d\u00e9passe la simple fonction d\u00e9corative, int\u00e9grant portes et armoires pleine hauteur.\",\"breadcrumb\":{\"@id\":\"https:\/\/casapercasa.com\/fr\/produits-boiserie\/#breadcrumb\"},\"inLanguage\":\"fr-FR\",\"potentialAction\":[{\"@type\":\"ReadAction\",\"target\":[\"https:\/\/casapercasa.com\/fr\/produits-boiserie\/\"]}]},{\"@type\":\"ImageObject\",\"inLanguage\":\"fr-FR\",\"@id\":\"https:\/\/casapercasa.com\/fr\/produits-boiserie\/#primaryimage\",\"url\":\"https:\/\/casapercasa.com\/wp-content\/uploads\/2024\/12\/Immagine-2024-12-27-165233.jpg\",\"contentUrl\":\"https:\/\/casapercasa.com\/wp-content\/uploads\/2024\/12\/Immagine-2024-12-27-165233.jpg\"},{\"@type\":\"BreadcrumbList\",\"@id\":\"https:\/\/casapercasa.com\/fr\/produits-boiserie\/#breadcrumb\",\"itemListElement\":[{\"@type\":\"ListItem\",\"position\":1,\"name\":\"Home\",\"item\":\"https:\/\/casapercasa.com\/fr\/\"},{\"@type\":\"ListItem\",\"position\":2,\"name\":\"Prodotti &#8211; Boiserie fra\"}]},{\"@type\":\"WebSite\",\"@id\":\"https:\/\/casapercasa.com\/fr\/#website\",\"url\":\"https:\/\/casapercasa.com\/fr\/\",\"name\":\"Casapercasa\",\"description\":\"INNOVAZIONE ARTIGIANA\",\"publisher\":{\"@id\":\"https:\/\/casapercasa.com\/fr\/#organization\"},\"potentialAction\":[{\"@type\":\"SearchAction\",\"target\":{\"@type\":\"EntryPoint\",\"urlTemplate\":\"https:\/\/casapercasa.com\/fr\/?s={search_term_string}\"},\"query-input\":{\"@type\":\"PropertyValueSpecification\",\"valueRequired\":true,\"valueName\":\"search_term_string\"}}],\"inLanguage\":\"fr-FR\"},{\"@type\":\"Organization\",\"@id\":\"https:\/\/casapercasa.com\/fr\/#organization\",\"name\":\"Casapercasa S.r.l.\",\"url\":\"https:\/\/casapercasa.com\/fr\/\",\"logo\":{\"@type\":\"ImageObject\",\"inLanguage\":\"fr-FR\",\"@id\":\"https:\/\/casapercasa.com\/fr\/#\/schema\/logo\/image\/\",\"url\":\"https:\/\/casapercasa.com\/wp-content\/uploads\/2022\/10\/logo-extralarge-retina.png\",\"contentUrl\":\"https:\/\/casapercasa.com\/wp-content\/uploads\/2022\/10\/logo-extralarge-retina.png\",\"width\":258,\"height\":43,\"caption\":\"Casapercasa S.r.l.\"},\"image\":{\"@id\":\"https:\/\/casapercasa.com\/fr\/#\/schema\/logo\/image\/\"},\"sameAs\":[\"https:\/\/www.facebook.com\/casapercasadesign\",\"https:\/\/www.instagram.com\/casapercasadettagli\/?hl=it\"]}]}<\/script>","yoast_head_json":{"title":"Casapercasa - Syst\u00e8me Boiserie","description":"La boiserie est un rev\u00eatement qui d\u00e9passe la simple fonction d\u00e9corative, int\u00e9grant portes et armoires pleine hauteur.","robots":{"index":"index","follow":"follow","max-snippet":"max-snippet:-1","max-image-preview":"max-image-preview:large","max-video-preview":"max-video-preview:-1"},"canonical":"https:\/\/casapercasa.com\/fr\/produits-boiserie\/","og_locale":"fr_FR","og_type":"article","og_title":"Casapercasa - Syst\u00e8me Boiserie","og_description":"La boiserie est un rev\u00eatement qui d\u00e9passe la simple fonction d\u00e9corative, int\u00e9grant portes et armoires pleine hauteur.","og_url":"https:\/\/casapercasa.com\/fr\/produits-boiserie\/","og_site_name":"Casapercasa S.r.l.","article_publisher":"https:\/\/www.facebook.com\/casapercasadesign","article_modified_time":"2026-03-18T16:09:16+00:00","og_image":[{"width":979,"height":695,"url":"https:\/\/casapercasa.com\/wp-content\/uploads\/2024\/12\/Immagine-2024-12-27-165233.jpg","type":"image\/jpeg"}],"twitter_card":"summary_large_image","twitter_misc":{"Dur\u00e9e de lecture estim\u00e9e":"1 minute"},"schema":{"@context":"https:\/\/schema.org","@graph":[{"@type":"WebPage","@id":"https:\/\/casapercasa.com\/fr\/produits-boiserie\/","url":"https:\/\/casapercasa.com\/fr\/produits-boiserie\/","name":"Casapercasa - Syst\u00e8me Boiserie","isPartOf":{"@id":"https:\/\/casapercasa.com\/fr\/#website"},"primaryImageOfPage":{"@id":"https:\/\/casapercasa.com\/fr\/produits-boiserie\/#primaryimage"},"image":{"@id":"https:\/\/casapercasa.com\/fr\/produits-boiserie\/#primaryimage"},"thumbnailUrl":"https:\/\/casapercasa.com\/wp-content\/uploads\/2024\/12\/Immagine-2024-12-27-165233.jpg","datePublished":"2026-02-10T10:26:21+00:00","dateModified":"2026-03-18T16:09:16+00:00","description":"La boiserie est un rev\u00eatement qui d\u00e9passe la simple fonction d\u00e9corative, int\u00e9grant portes et armoires pleine hauteur.","breadcrumb":{"@id":"https:\/\/casapercasa.com\/fr\/produits-boiserie\/#breadcrumb"},"inLanguage":"fr-FR","potentialAction":[{"@type":"ReadAction","target":["https:\/\/casapercasa.com\/fr\/produits-boiserie\/"]}]},{"@type":"ImageObject","inLanguage":"fr-FR","@id":"https:\/\/casapercasa.com\/fr\/produits-boiserie\/#primaryimage","url":"https:\/\/casapercasa.com\/wp-content\/uploads\/2024\/12\/Immagine-2024-12-27-165233.jpg","contentUrl":"https:\/\/casapercasa.com\/wp-content\/uploads\/2024\/12\/Immagine-2024-12-27-165233.jpg"},{"@type":"BreadcrumbList","@id":"https:\/\/casapercasa.com\/fr\/produits-boiserie\/#breadcrumb","itemListElement":[{"@type":"ListItem","position":1,"name":"Home","item":"https:\/\/casapercasa.com\/fr\/"},{"@type":"ListItem","position":2,"name":"Prodotti &#8211; Boiserie fra"}]},{"@type":"WebSite","@id":"https:\/\/casapercasa.com\/fr\/#website","url":"https:\/\/casapercasa.com\/fr\/","name":"Casapercasa","description":"INNOVAZIONE ARTIGIANA","publisher":{"@id":"https:\/\/casapercasa.com\/fr\/#organization"},"potentialAction":[{"@type":"SearchAction","target":{"@type":"EntryPoint","urlTemplate":"https:\/\/casapercasa.com\/fr\/?s={search_term_string}"},"query-input":{"@type":"PropertyValueSpecification","valueRequired":true,"valueName":"search_term_string"}}],"inLanguage":"fr-FR"},{"@type":"Organization","@id":"https:\/\/casapercasa.com\/fr\/#organization","name":"Casapercasa S.r.l.","url":"https:\/\/casapercasa.com\/fr\/","logo":{"@type":"ImageObject","inLanguage":"fr-FR","@id":"https:\/\/casapercasa.com\/fr\/#\/schema\/logo\/image\/","url":"https:\/\/casapercasa.com\/wp-content\/uploads\/2022\/10\/logo-extralarge-retina.png","contentUrl":"https:\/\/casapercasa.com\/wp-content\/uploads\/2022\/10\/logo-extralarge-retina.png","width":258,"height":43,"caption":"Casapercasa S.r.l."},"image":{"@id":"https:\/\/casapercasa.com\/fr\/#\/schema\/logo\/image\/"},"sameAs":["https:\/\/www.facebook.com\/casapercasadesign","https:\/\/www.instagram.com\/casapercasadettagli\/?hl=it"]}]}},"_links":{"self":[{"href":"https:\/\/casapercasa.com\/fr\/wp-json\/wp\/v2\/pages\/17398","targetHints":{"allow":["GET"]}}],"collection":[{"href":"https:\/\/casapercasa.com\/fr\/wp-json\/wp\/v2\/pages"}],"about":[{"href":"https:\/\/casapercasa.com\/fr\/wp-json\/wp\/v2\/types\/page"}],"author":[{"embeddable":true,"href":"https:\/\/casapercasa.com\/fr\/wp-json\/wp\/v2\/users\/3"}],"replies":[{"embeddable":true,"href":"https:\/\/casapercasa.com\/fr\/wp-json\/wp\/v2\/comments?post=17398"}],"version-history":[{"count":3,"href":"https:\/\/casapercasa.com\/fr\/wp-json\/wp\/v2\/pages\/17398\/revisions"}],"predecessor-version":[{"id":18163,"href":"https:\/\/casapercasa.com\/fr\/wp-json\/wp\/v2\/pages\/17398\/revisions\/18163"}],"wp:attachment":[{"href":"https:\/\/casapercasa.com\/fr\/wp-json\/wp\/v2\/media?parent=17398"}],"curies":[{"name":"wp","href":"https:\/\/api.w.org\/{rel}","templated":true}]}}